{"id":122,"date":"2015-01-27T12:28:14","date_gmt":"2015-01-27T12:28:14","guid":{"rendered":"http:\/\/westi.jp\/?page_id=122"},"modified":"2015-02-10T02:09:48","modified_gmt":"2015-02-10T02:09:48","slug":"%e3%81%93%e3%81%a6%e3%81%84%e3%80%80%e3%82%b5%e3%83%b3%e3%83%97%e3%83%ab","status":"publish","type":"page","link":"https:\/\/westi.jp\/?page_id=122","title":{"rendered":"\u304a\u554f\u3044\u5408\u308f\u305b"},"content":{"rendered":"<p><b>\u304a\u96fb\u8a71\u3067\u306e\u3054\u76f8\u8ac7\u30fb\u304a\u554f\u3044\u5408\u308f\u305b<\/b><br \/>\n\u304a\u6c17\u8efd\u306b\u304a\u96fb\u8a71\u304f\u3060\u3055\u3044<br \/>\n<span style=\"font-size: 14pt;\">TEL 072-665-7237\u3000\u3000\u5e73\u65e5\u30fb\u571f\u65e59\uff1a30\uff5e20\uff1a00<\/span><\/p>\n<p>&nbsp;<\/p>\n\n<div class=\"wpcf7 no-js\" id=\"wpcf7-f127-o1\" lang=\"ja\" dir=\"ltr\">\n<div class=\"screen-reader-response\"><p role=\"status\" aria-live=\"polite\" aria-atomic=\"true\"><\/p> <ul><\/ul><\/div>\n<form action=\"\/index.php?rest_route=%2Fwp%2Fv2%2Fpages%2F122#wpcf7-f127-o1\" method=\"post\" class=\"wpcf7-form init\" aria-label=\"\u30b3\u30f3\u30bf\u30af\u30c8\u30d5\u30a9\u30fc\u30e0\" novalidate=\"novalidate\" data-status=\"init\">\n<div style=\"display: none;\">\n<input type=\"hidden\" name=\"_wpcf7\" value=\"127\" \/>\n<input type=\"hidden\" name=\"_wpcf7_version\" value=\"5.7.5.1\" \/>\n<input type=\"hidden\" name=\"_wpcf7_locale\" value=\"ja\" \/>\n<input type=\"hidden\" name=\"_wpcf7_unit_tag\" value=\"wpcf7-f127-o1\" \/>\n<input type=\"hidden\" name=\"_wpcf7_container_post\" value=\"0\" \/>\n<input type=\"hidden\" name=\"_wpcf7_posted_data_hash\" value=\"\" \/>\n<\/div>\n<p class=\"c2\"><span class=\"m-alert\">\u5fc5\u9808<\/span>\u304a\u540d\u524d\n<\/p>\n<p><span class=\"wpcf7-form-control-wrap\" data-name=\"your-name1\"><input size=\"40\" class=\"wpcf7-form-control wpcf7-text wpcf7-validates-as-required\" aria-required=\"true\" aria-invalid=\"false\" placeholder=\"\u4f8b\uff1a\u7530\u4e2d\u3000\u592a\u90ce\" value=\"\" type=\"text\" name=\"your-name1\" \/><\/span>\n<\/p>\n<p class=\"c1\"><span class=\"m-alert\">\u5fc5\u9808<\/span>\u3075\u308a\u304c\u306a\n<\/p>\n<p><span class=\"wpcf7-form-control-wrap\" data-name=\"your-hurigana\"><input size=\"40\" class=\"wpcf7-form-control wpcf7-text wpcf7-validates-as-required\" aria-required=\"true\" aria-invalid=\"false\" placeholder=\"\u4f8b\uff1a\u305f\u306a\u304b\u3000\u305f\u308d\u3046\" value=\"\" type=\"text\" name=\"your-hurigana\" \/><\/span>\n<\/p>\n<p class=\"c2\"><span class=\"m-alert\">\u5fc5\u9808<\/span>\u30e1\u30fc\u30eb\u30a2\u30c9\u30ec\u30b9\n<\/p>\n<p><span class=\"wpcf7-form-control-wrap\" data-name=\"your-email\"><input size=\"40\" class=\"wpcf7-form-control wpcf7-text wpcf7-email wpcf7-validates-as-required wpcf7-validates-as-email\" aria-required=\"true\" aria-invalid=\"false\" placeholder=\"\u4f8b\uff1a\u00d7\u00d7\u00d7@\u00d7\u00d7\u00d7.com\" value=\"\" type=\"email\" name=\"your-email\" \/><\/span>\n<\/p>\n<p class=\"c1\"><span class=\"m-alert\">\u5fc5\u9808<\/span>\u30e1\u30fc\u30eb\u30a2\u30c9\u30ec\u30b9 (\u78ba\u8a8d\u7528\uff09\n<\/p>\n<p><span class=\"wpcf7-form-control-wrap\" data-name=\"your-email_confirm\"><input size=\"40\" class=\"wpcf7-form-control wpcf7-text wpcf7-email wpcf7-validates-as-required wpcf7-validates-as-email\" aria-required=\"true\" aria-invalid=\"false\" placeholder=\"\u3082\u3046\u4e00\u5ea6\u30e1\u30fc\u30eb\u30a2\u30c9\u30ec\u30b9\u3092\u3054\u5165\u529b\u304f\u3060\u3055\u3044\" value=\"\" type=\"email\" name=\"your-email_confirm\" \/><\/span>\n<\/p>\n<p class=\"c2\">\u90f5\u4fbf\u756a\u53f7\u3000<span style=\"color:red\">\u203b\u534a\u89d2<\/span>\u3000\u203b\u90f5\u4fbf\u756a\u53f7\u3092\u5165\u529b\u3059\u308b\u3068\u9014\u4e2d\u307e\u3067\u4f4f\u6240\u304c\u81ea\u52d5\u5165\u529b\u3055\u308c\u307e\u3059\n<\/p>\n<p><span class=\"wpcf7-form-control-wrap\" data-name=\"zip\"><input size=\"40\" class=\"wpcf7-form-control wpcf7-text\" id=\"zip\" aria-invalid=\"false\" placeholder=\"\u4f8b\uff1a567-0897\" value=\"\" type=\"text\" name=\"zip\" \/><\/span>\n<\/p>\n<p class=\"c1\">\u90fd\u9053\u5e9c\u770c\n<\/p>\n<p><span class=\"wpcf7-form-control-wrap\" data-name=\"pref\"><input size=\"40\" class=\"wpcf7-form-control wpcf7-text\" id=\"pref\" aria-invalid=\"false\" placeholder=\"\u4f8b\uff1a\u5927\u962a\u5e9c\" value=\"\" type=\"text\" name=\"pref\" \/><\/span>\n<\/p>\n<p class=\"c2\">\u3054\u4f4f\u6240\n<\/p>\n<p><span class=\"wpcf7-form-control-wrap\" data-name=\"addr\"><input size=\"40\" class=\"wpcf7-form-control wpcf7-text\" id=\"addr\" aria-invalid=\"false\" placeholder=\"\u4f8b\uff1a\u8328\u6728\u5e02\u4e3b\u539f\u753a10\u756a30\u53f7\" value=\"\" type=\"text\" name=\"addr\" \/><\/span>\n<\/p>\n<p class=\"c1\">\u96fb\u8a71\u756a\u53f7\n<\/p>\n<p><span class=\"wpcf7-form-control-wrap\" data-name=\"your-tel\"><input size=\"40\" class=\"wpcf7-form-control wpcf7-text\" aria-invalid=\"false\" placeholder=\"\u4f8b\uff1a090-1234-5678\" value=\"\" type=\"text\" name=\"your-tel\" \/><\/span>\n<\/p>\n<p class=\"c2 \">\u304a\u554f\u3044\u5408\u308f\u305b\u7a2e\u5225\n<\/p>\n<p><span class=\"wpcf7-form-control-wrap\" data-name=\"radio-228\"><span class=\"wpcf7-form-control wpcf7-radio\"><span class=\"wpcf7-list-item first\"><input type=\"radio\" name=\"radio-228\" value=\"\u63b2\u8f09\u7269\u4ef6\u306e\u8a73\u7d30\u3092\u77e5\u308a\u305f\u3044\" \/><span class=\"wpcf7-list-item-label\">\u63b2\u8f09\u7269\u4ef6\u306e\u8a73\u7d30\u3092\u77e5\u308a\u305f\u3044<\/span><\/span><span class=\"wpcf7-list-item\"><input type=\"radio\" name=\"radio-228\" value=\"\u7121\u6599\u76f8\u8ac7\u3092\u4e88\u7d04\u3057\u305f\u3044\" \/><span class=\"wpcf7-list-item-label\">\u7121\u6599\u76f8\u8ac7\u3092\u4e88\u7d04\u3057\u305f\u3044<\/span><\/span><span class=\"wpcf7-list-item last\"><input type=\"radio\" name=\"radio-228\" value=\"\u305d\u306e\u4ed6\u306e\u76f8\u8ac7\" \/><span class=\"wpcf7-list-item-label\">\u305d\u306e\u4ed6\u306e\u76f8\u8ac7<\/span><\/span><\/span><\/span>\n<\/p>\n<p class=\"c1 last\"><span class=\"m-alert\">\u5fc5\u9808<\/span>\u304a\u554f\u3044\u5408\u308f\u305b\u5185\u5bb9\n<\/p>\n<p><span class=\"wpcf7-form-control-wrap\" data-name=\"your-message\"><textarea cols=\"40\" rows=\"10\" class=\"wpcf7-form-control wpcf7-textarea wpcf7-validates-as-required\" aria-required=\"true\" aria-invalid=\"false\" placeholder=\"\u4f8b\uff1a\u7269\u4ef6\u756a\u53f7\u25b3\u25b3\u3001\u25cb\u25cb\u753a\u306e\u6238\u5efa\u3066\u8cc3\u8cb8\u7269\u4ef6\u306b\u3064\u3044\u3066\u8a73\u3057\u304f\u6559\u3048\u3066\u304f\u3060\u3055\u3044\u3002\" name=\"your-message\"><\/textarea><\/span>\n<\/p>\n<p><span id=\"wpcf7-69eb89fa71be8-wrapper\" class=\"wpcf7-form-control-wrap honeypot-409-wrap\" style=\"display:none !important; visibility:hidden !important;\"><label for=\"wpcf7-69eb89fa71be8-field\" class=\"hp-message\">\u3053\u306e\u30d5\u30a3\u30fc\u30eb\u30c9\u306f\u7a7a\u306e\u307e\u307e\u306b\u3057\u3066\u304f\u3060\u3055\u3044\u3002<\/label><input id=\"wpcf7-69eb89fa71be8-field\"  class=\"wpcf7-form-control wpcf7-text\" type=\"text\" name=\"honeypot-409\" value=\"\" size=\"40\" tabindex=\"-1\" autocomplete=\"new-password\" \/><\/span>\n<\/p>\n<p><input class=\"wpcf7-form-control wpcf7-confirm wpcf7c-elm-step1 wpcf7c-btn-confirm wpcf7c-force-hide\" type=\"submit\" value=\"\u78ba\u8a8d\" \/>\n<\/p>\n<p><input class=\"wpcf7-form-control has-spinner wpcf7-submit\" type=\"submit\" value=\"\u9001\u4fe1\" \/>\n<\/p>\n<p><input class=\"wpcf7-form-control wpcf7-back wpcf7c-elm-step2 wpcf7c-btn-back wpcf7c-force-hide\" type=\"button\" value=\"\u623b\u3063\u3066\u7de8\u96c6\" \/>\n<\/p>\n<p style=\"display: none !important;\" class=\"akismet-fields-container\" data-prefix=\"_wpcf7_ak_\"><label>&#916;<textarea name=\"_wpcf7_ak_hp_textarea\" cols=\"45\" rows=\"8\" maxlength=\"100\"><\/textarea><\/label><input type=\"hidden\" id=\"ak_js_1\" name=\"_wpcf7_ak_js\" value=\"203\"\/><script>document.getElementById( \"ak_js_1\" ).setAttribute( \"value\", ( new Date() ).getTime() );<\/script><\/p><div class=\"wpcf7-response-output\" aria-hidden=\"true\"><\/div>\n<\/form>\n<\/div>\n\n","protected":false},"excerpt":{"rendered":"<p>\u304a\u96fb\u8a71\u3067\u306e\u3054\u76f8\u8ac7\u30fb\u304a\u554f\u3044\u5408\u308f\u305b \u304a\u6c17\u8efd\u306b\u304a\u96fb\u8a71\u304f\u3060\u3055\u3044 TEL 072-665-7237\u3000\u3000\u5e73\u65e5\u30fb\u571f\u65e59\uff1a30\uff5e20\uff1a00 &nbsp;<\/p>\n","protected":false},"author":1,"featured_media":0,"parent":0,"menu_order":0,"comment_status":"closed","ping_status":"closed","template":"","meta":{"footnotes":""},"aioseo_notices":[],"_links":{"self":[{"href":"https:\/\/westi.jp\/index.php?rest_route=\/wp\/v2\/pages\/122"}],"collection":[{"href":"https:\/\/westi.jp\/index.php?rest_route=\/wp\/v2\/pages"}],"about":[{"href":"https:\/\/westi.jp\/index.php?rest_route=\/wp\/v2\/types\/page"}],"author":[{"embeddable":true,"href":"https:\/\/westi.jp\/index.php?rest_route=\/wp\/v2\/users\/1"}],"replies":[{"embeddable":true,"href":"https:\/\/westi.jp\/index.php?rest_route=%2Fwp%2Fv2%2Fcomments&post=122"}],"version-history":[{"count":11,"href":"https:\/\/westi.jp\/index.php?rest_route=\/wp\/v2\/pages\/122\/revisions"}],"predecessor-version":[{"id":269,"href":"https:\/\/westi.jp\/index.php?rest_route=\/wp\/v2\/pages\/122\/revisions\/269"}],"wp:attachment":[{"href":"https:\/\/westi.jp\/index.php?rest_route=%2Fwp%2Fv2%2Fmedia&parent=122"}],"curies":[{"name":"wp","href":"https:\/\/api.w.org\/{rel}","templated":true}]}}